{"id":15664,"date":"2022-09-29T13:54:05","date_gmt":"2022-09-29T10:54:05","guid":{"rendered":"https:\/\/piccoder.com\/?page_id=15664"},"modified":"2023-05-10T17:22:51","modified_gmt":"2023-05-10T14:22:51","slug":"return-and-exchange-conditions","status":"publish","type":"page","link":"https:\/\/piccoder.com\/tr\/return-and-exchange-conditions\/","title":{"rendered":"Return and Exchange Conditions"},"content":{"rendered":"\r\n<h3>\u0130ade ve De\u011fi\u015fi Politikam\u0131z<\/h3>\r\n<p>\u00dcr\u00fcn iade istekleri 6502 say\u0131l\u0131 T\u00fcketicinin Korunmas\u0131 Hakk\u0131ndaki Kanun h\u00fck\u00fcmleri esas al\u0131narak esas al\u0131narak a\u015fa\u011f\u0131daki kriterler d\u00e2hilinde yap\u0131lmaktad\u0131r.<\/p>\r\n<p>Kanunen internetten yap\u0131lan sat\u0131\u015flarda (mesafeli s\u00f6zle\u015fmeler ile sat\u0131\u015flarda) t\u00fcketicilerin teslim ald\u0131\u011f\u0131 tarihten itibaren cayma hakk\u0131 kapsam\u0131nda 14 g\u00fcn i\u00e7erisinde hi\u00e7bir hukuki ve cezai sorumluluk \u00fcstlenmeksizin ve hi\u00e7 bir mal\u0131 reddederek gerek\u00e7e g\u00f6stermeksizin \u00fcr\u00fcn\u00fc iade hakk\u0131 mevcuttur. Buna ra\u011fmen www.piccoder.com\u2019den yap\u0131lm\u0131\u015f olan al\u0131\u015fveri\u015flerde 60 g\u00fcne kadar fatura ibraz\u0131 ile kullan\u0131lmam\u0131\u015f \u00fcr\u00fcnlerde iade konusunda destek olmaktay\u0131z.<\/p>\r\n<p>Size en yak\u0131n ma\u011fazam\u0131zdan faturan\u0131z ile birlikte \u00fcr\u00fcn de\u011fi\u015fimi yapabilirsiniz. Kampanyal\u0131 \u00fcr\u00fcnlerde sadece beden de\u011fi\u015fimi yap\u0131lmaktad\u0131r. Kampanya d\u00f6neminde al\u0131nan \u00fcr\u00fcnler i\u00e7in ma\u011fazalar\u0131m\u0131zda \u00fcr\u00fcn fiyat farkl\u0131l\u0131klar\u0131 \u00e7\u0131kabilmektedir. De\u011fi\u015fim yap\u0131lacak \u00fcr\u00fcnler aras\u0131nda sezon fark\u0131 bulunuyor ise, bu durum de\u011fi\u015fim esnas\u0131nda fiyat fark\u0131 \u00f6demenizi gerektirebilir. \u0130ade durumunda internet ma\u011fazac\u0131l\u0131k kanal\u0131m\u0131za ait iade adresine kargo g\u00f6nderimi yap\u0131lmal\u0131d\u0131r. Ma\u011fazalar\u0131m\u0131zda \u00fcr\u00fcn iadesi al\u0131nmamaktad\u0131r. \u00dcr\u00fcnlerimiz i\u00e7in ma\u011fazadan de\u011fi\u015fim ve iade yap\u0131lamamaktad\u0131r.<\/p>\r\n<p>\u00dcr\u00fcnlerinizin orijinal ambalajlar\u0131nda, etiketli, eksiksiz (aksesuar vb. par\u00e7alar\u0131 ile) ve kullan\u0131lmam\u0131\u015f olarak iade edilmesi gereklidir. Sipari\u015f ile birlikte g\u00f6nderilen bir promosyon ya da \u00fccretsiz \u00fcr\u00fcn varsa geri g\u00f6nderilmelidir. Ma\u011fazalar\u0131m\u0131zda yap\u0131lan al\u0131\u015fveri\u015flerde oldu\u011fu gibi \u00fcr\u00fcnlere bakmak ve denemek amac\u0131yla ambalaj\u0131 a\u00e7abilirsiniz. Ancak iade edilmesi durumunda orijinal ambalaj\u0131 ile g\u00f6nderilmesi gerekmektedir.<\/p>\r\n<p>\u0130ade edilecek \u00fcr\u00fcn, irsaliyeli fatura ile arkas\u0131nda mevcut olan iade formuna iade sebebi doldurularak g\u00f6nderilmelidir. Faturas\u0131 g\u00f6nderilmeyen \u00fcr\u00fcnlerin iadesi kabul edilmemektedir. 30 g\u00fcn i\u00e7erisinde yapaca\u011f\u0131n\u0131z t\u00fcm iadelerde \u00fcr\u00fcnleri firmam\u0131za yollaman\u0131zdan do\u011fan kargo \u00fccreti iadenin sipari\u015f verdi\u011finiz kargo firmas\u0131 arac\u0131l\u0131\u011f\u0131yla g\u00f6nderilmesi \u015fart\u0131 ile firmam\u0131za aittir. Di\u011fer kargo firmalar\u0131ndan yap\u0131lacak iadelerin g\u00f6nderim \u00fccreti, m\u00fc\u015fteriye aittir.<\/p>\r\n<p>\u0130adeniz ge\u00e7erli olmas\u0131 ve kabul edilebilmesi i\u00e7in sipari\u015f tarihinizden itibaren 30 g\u00fcn i\u00e7inde iade etmek istedi\u011finiz \u00fcr\u00fcn\u00fcn\u00fcz i\u00e7in \u201csipari\u015flerim\u201d b\u00f6l\u00fcm\u00fcnden \u201ciade talebi\u201d ekran\u0131na giri\u015f sa\u011flamal\u0131, iade edece\u011finiz \u00fcr\u00fcn\u00fc se\u00e7erek, iade sebebinizi belirterek iade kayd\u0131n\u0131z\u0131 olu\u015fturmal\u0131s\u0131n\u0131z. \u0130ade kayd\u0131 sonras\u0131nda taraf\u0131n\u0131za verilen iade kodu ile sipari\u015flerinizde se\u00e7mi\u015f oldu\u011funuz kargo firmas\u0131na ait kargo ofisine iade kodunuz ile teslim ederek iade talebinizi tamamlayabilirsiniz. \u0130adelerde yap\u0131lan t\u00fcm g\u00f6nderiler i\u00e7in kargo \u00fccreti firmam\u0131za aittir. \u0130adeler sadece Aras Kargo ile yap\u0131lmal\u0131d\u0131r. \u0130ade kayd\u0131 olu\u015fturmadan ve iade kodu ile kargoya teslim edilmeyen iadeler kabul edilmeyecektir.<\/p>\r\n<p>\u0130adeler a\u015fa\u011f\u0131daki adresimize yap\u0131lmak zorundad\u0131r;<\/p>\r\n<p>Me\u015frutiyet Mah. Ebek\u0131z\u0131 Sk. No:12\/C Osmanbey \u2013 \u0130stanbul \/ TURKEY<\/p>\r\n<p>&nbsp;<\/p>\r\n<h3>\u0130ade \u0130\u015flemleri<\/h3>\r\n<p>\u2022 \u0130ade edilecek \u00fcr\u00fcn, irsaliyeli fatura ile arkas\u0131nda mevcut olan iade formuna iade sebebi doldurularak g\u00f6nderilmelidir. Faturas\u0131 g\u00f6nderilmeyen \u00fcr\u00fcnlerin iadesi kabul edilmemektedir.<\/p>\r\n<p>\u2022 Tadilat g\u00f6rm\u00fc\u015f, kullan\u0131lm\u0131\u015f, koruma band\u0131 \u00e7\u0131kar\u0131lm\u0131\u015f \u00fcr\u00fcnler iade edilemez.<\/p>\r\n<p>\u2022 Kullan\u0131lmam\u0131\u015f olan iade etmek istedi\u011finiz \u00fcr\u00fcn\u00fc faturan\u0131z ile beraber sipari\u015f verdi\u011finiz kargo firmas\u0131 arac\u0131l\u0131\u011f\u0131 ile g\u00f6nderebilirsiniz. \u00dcr\u00fcn\u00fcn\u00fcz teslim al\u0131nd\u0131\u011f\u0131nda bir eposta ile bilgilendirileceksiniz. \u0130ade etti\u011finiz \u00fcr\u00fcn\u00fcn\u00fcz iade ko\u015fullar\u0131na uymas\u0131 durumunda sipari\u015fte kulland\u0131\u011f\u0131n\u0131z \u00f6deme methodu kullan\u0131larak geri \u00f6demeniz ger\u00e7ekle\u015ftirilecektir.<\/p>\r\n<p>\u2022 \u0130ade sipari\u015finize ait \u00f6demeniz, iade g\u00f6nderdi\u011finiz \u00fcr\u00fcn depomuza giri\u015f yapt\u0131\u011f\u0131 tarih itibari ile en fazla 15 i\u015f g\u00fcn\u00fc i\u00e7erisinde yap\u0131lacakt\u0131r. \u00dccret iadeniz yap\u0131ld\u0131\u011f\u0131nda size e-posta ile bildirim g\u00f6nderilecektir. Geri \u00f6deme konusunda bilgi almak i\u00e7in +90(212)224 07 53 numaral\u0131 M\u00fc\u015fteri Hizmetleri hatt\u0131m\u0131z\u0131 arayabilir veya www.piccoder.com web sitemizden \u00fcye giri\u015fi yaparak \u201chesab\u0131m\u201d sayfas\u0131nda yer alan \u201cmesaj g\u00f6nder\u201d \u2013 \u201csipari\u015f ile ilgili konular\u201d ba\u015fl\u0131\u011f\u0131n\u0131 kullanabilirsiniz.<\/p>\r\n<p>\u2022 Ma\u011fazalar\u0131m\u0131zda \u00fcr\u00fcn iadesi al\u0131nmamaktad\u0131r.<\/p>\r\n<p>&nbsp;<\/p>\r\n<h3>De\u011fi\u015fim \u0130\u015flemleri<\/h3>\r\n<p>\u2022 Size en yak\u0131n ma\u011fazam\u0131zdan faturan\u0131z ile birlikte 30 g\u00fcn i\u00e7inde de\u011fi\u015fim yapabilirsiniz. \u00dcr\u00fcn\u00fcz hediye ve faturan\u0131z yok ise sadece de\u011fi\u015fim kart\u0131 ile ma\u011fazam\u0131zdan de\u011fi\u015fim yapabilirsiniz. \u0130ade i\u015fleminizi ise a\u015fa\u011f\u0131daki ad\u0131mlara g\u00f6re \u00fcr\u00fcn\u00fcn\u00fcz\u00fc iade adresimize g\u00f6ndererek yapabilirsiniz.<\/p>\r\n<p>\u2022 \u0130nternet Ma\u011fazam\u0131zda de\u011fi\u015fim yap\u0131lmamaktad\u0131r.<\/p>\r\n<p>\u2022 Size en yak\u0131n ma\u011fazay\u0131 bulmak i\u00e7in Ma\u011faza Listesi sayfam\u0131z\u0131 ziyaret edebilirsiniz.<\/p>\r\n<p>&nbsp;<\/p>\r\n<h3>\u0130nceleme \u00dcr\u00fcn \u0130\u015flemleri<\/h3>\r\n<p>\u2022 Sipari\u015finizde bulunan \u00fcr\u00fcnler ile ilgili t\u00fcketici kaynakl\u0131 olmad\u0131\u011f\u0131n\u0131 d\u00fc\u015f\u00fcnd\u00fc\u011f\u00fcn\u00fcz bir sorun ile kar\u015f\u0131la\u015fman\u0131z durumunda, \u00fcr\u00fcn\u00fc garanti s\u00fcresi olan 2 y\u0131l i\u00e7erisinde fatura ve \u00fcr\u00fcn inceleme talep formu ile birlikte inceleme departman\u0131na g\u00f6nderebilirsiniz.<\/p>\r\n<p>\u2022 \u0130nceleme departman\u0131na ula\u015fan \u00fcr\u00fcn\u00fcn\u00fczle ilgili inceleme i\u015flemi en ge\u00e7 21 g\u00fcn i\u00e7erisinde tamamlanmakta ve taraf\u0131n\u0131za bilgi verilmektedir.<\/p>\r\n<p>\u2022 \u0130nceleme sonucunda \u00fcretim kaynakl\u0131 bir problemle kar\u015f\u0131la\u015f\u0131lmas\u0131 durumunda \u00fccret iadeniz yap\u0131lacakt\u0131r. Kullan\u0131c\u0131 kaynakl\u0131 bir sorun ile kar\u015f\u0131la\u015f\u0131lmas\u0131 durumunda \u00fcr\u00fcn\u00fcn\u00fcz iade g\u00f6nderdi\u011finiz kargo firmas\u0131 arac\u0131l\u0131\u011f\u0131 ile sistemde kay\u0131tl\u0131 olan adresinize g\u00f6nderilecektir.<\/p>\r\n<p>\u2022 \u0130nceleme \u00fcr\u00fcnlerinizi a\u015fa\u011f\u0131daki adrese sipari\u015f verdi\u011finiz kargo firmas\u0131 arac\u0131l\u0131\u011f\u0131 ile \u00fccretsiz olarak g\u00f6nderebilirsiniz.<\/p>\r\n<p>\u2022 Sipari\u015finizin onaylanmas\u0131ndan sonra \u201cHesab\u0131m\u201d ba\u011flant\u0131s\u0131 \u00fczerinden sipari\u015flerinizi g\u00f6r\u00fcnt\u00fcleyebilir, durumlar\u0131 hakk\u0131nda bilgi sahibi olabilir ve kargoya verildikten sonra kargo takibi yapabilirsiniz. Erkek ve Kad\u0131n deri ceket-mont \u00fcr\u00fcnleri 10 i\u015f g\u00fcn\u00fc di\u011fer kategorilerdeki \u00fcr\u00fcnler 3 \u2013 6 i\u015f g\u00fcn\u00fc i\u00e7erisinde kargoya teslim edilmektedir.<\/p>\r\n<p>\u2022 Sipari\u015fler sadece T\u00fcrkiye s\u0131n\u0131rlar\u0131 i\u00e7inde olmas\u0131 gerekir. Yurtd\u0131\u015f\u0131 kargo hizmetimiz bulunmamaktad\u0131r.<\/p>\r\n<p>\u2022 \u0130ndirim ve promosyon zamanlar\u0131nda, artan talep nedeniyle teslimat\u0131n biraz daha ge\u00e7 ger\u00e7ekle\u015ftirilebilece\u011fini bilmenizi isteriz.<\/p>\r\n<p>\u2022 Teslimatlar, sipari\u015f etti\u011finiz \u00fcr\u00fcnlerin stokta bulunmas\u0131 ve \u00f6demenizin al\u0131nabilmesi halinde yap\u0131labilecektir.<\/p>\r\n","protected":false},"excerpt":{"rendered":"<p>\u0130ade ve De\u011fi\u015fi Politikam\u0131z \u00dcr\u00fcn iade istekleri 6502 say\u0131l\u0131 T\u00fcketicinin Korunmas\u0131 Hakk\u0131ndaki Kanun h\u00fck\u00fcmleri esas al\u0131narak esas al\u0131narak a\u015fa\u011f\u0131daki kriterler d\u00e2hilinde yap\u0131lmaktad\u0131r. Kanunen internetten yap\u0131lan sat\u0131\u015flarda (mesafeli s\u00f6zle\u015fmeler ile sat\u0131\u015flarda) t\u00fcketicilerin teslim ald\u0131\u011f\u0131 tarihten itibaren cayma hakk\u0131 kapsam\u0131nda 14 g\u00fcn i\u00e7erisinde hi\u00e7bir hukuki ve cezai sorumluluk \u00fcstlenmeksizin ve hi\u00e7 bir mal\u0131 reddederek gerek\u00e7e g\u00f6stermeksizin \u00fcr\u00fcn\u00fc iade hakk\u0131 mevcuttur. Buna ra\u011fmen [&hellip;]<\/p>\n","protected":false},"author":1,"featured_media":0,"parent":0,"menu_order":0,"comment_status":"closed","ping_status":"closed","template":"","meta":{"footnotes":""},"class_list":["post-15664","page","type-page","status-publish","hentry"],"_links":{"self":[{"href":"https:\/\/piccoder.com\/tr\/wp-json\/wp\/v2\/pages\/15664","targetHints":{"allow":["GET"]}}],"collection":[{"href":"https:\/\/piccoder.com\/tr\/wp-json\/wp\/v2\/pages"}],"about":[{"href":"https:\/\/piccoder.com\/tr\/wp-json\/wp\/v2\/types\/page"}],"author":[{"embeddable":true,"href":"https:\/\/piccoder.com\/tr\/wp-json\/wp\/v2\/users\/1"}],"replies":[{"embeddable":true,"href":"https:\/\/piccoder.com\/tr\/wp-json\/wp\/v2\/comments?post=15664"}],"version-history":[{"count":2,"href":"https:\/\/piccoder.com\/tr\/wp-json\/wp\/v2\/pages\/15664\/revisions"}],"predecessor-version":[{"id":16356,"href":"https:\/\/piccoder.com\/tr\/wp-json\/wp\/v2\/pages\/15664\/revisions\/16356"}],"wp:attachment":[{"href":"https:\/\/piccoder.com\/tr\/wp-json\/wp\/v2\/media?parent=15664"}],"curies":[{"name":"wp","href":"https:\/\/api.w.org\/{rel}","templated":true}]}}