{"id":15670,"date":"2022-09-29T13:58:46","date_gmt":"2022-09-29T10:58:46","guid":{"rendered":"https:\/\/piccoder.com\/?page_id=15670"},"modified":"2023-05-10T17:21:49","modified_gmt":"2023-05-10T14:21:49","slug":"size-chart","status":"publish","type":"page","link":"https:\/\/piccoder.com\/tr\/size-chart\/","title":{"rendered":"Size Chart"},"content":{"rendered":"\r\n<table style=\"height: 452px;\" width=\"1195\">\r\n<tbody>\r\n<tr>\r\n<td colspan=\"2\" width=\"128\">KEMER \u00d6L\u00c7\u00dcS\u00dc<\/td>\r\n<td colspan=\"2\" width=\"128\">KLAS\u0130K PANTOLON<\/td>\r\n<td colspan=\"2\" width=\"128\">DEN\u0130M PANTOLON<\/td>\r\n<\/tr>\r\n<tr>\r\n<td colspan=\"2\">110 CM<\/td>\r\n<td colspan=\"2\">44 BEDEN<\/td>\r\n<td colspan=\"2\">32 BEDEN<\/td>\r\n<\/tr>\r\n<tr>\r\n<td colspan=\"2\">115 CM<\/td>\r\n<td colspan=\"2\">46 BEDEN<\/td>\r\n<td colspan=\"2\">33 BEDEN<\/td>\r\n<\/tr>\r\n<tr>\r\n<td colspan=\"2\">120 CM<\/td>\r\n<td colspan=\"2\">48 BEDEN<\/td>\r\n<td colspan=\"2\">34 BEDEN<\/td>\r\n<\/tr>\r\n<tr>\r\n<td colspan=\"2\">125 CM<\/td>\r\n<td colspan=\"2\">50 BEDEN<\/td>\r\n<td colspan=\"2\">36 BEDEN<\/td>\r\n<\/tr>\r\n<tr>\r\n<td colspan=\"2\">130 CM<\/td>\r\n<td colspan=\"2\">52 BEDEN<\/td>\r\n<td colspan=\"2\">38 BEDEN<\/td>\r\n<\/tr>\r\n<tr>\r\n<td colspan=\"2\">135 CM<\/td>\r\n<td colspan=\"2\">54 BEDEN<\/td>\r\n<td colspan=\"2\">40 BEDEN<\/td>\r\n<\/tr>\r\n<\/tbody>\r\n<\/table>\r\n","protected":false},"excerpt":{"rendered":"<p>KEMER \u00d6L\u00c7\u00dcS\u00dc KLAS\u0130K PANTOLON DEN\u0130M PANTOLON 110 CM 44 BEDEN 32 BEDEN 115 CM 46 BEDEN 33 BEDEN 120 CM 48 BEDEN 34 BEDEN 125 CM 50 BEDEN 36 BEDEN 130 CM 52 BEDEN 38 BEDEN 135 CM 54 BEDEN 40 BEDEN<\/p>\n","protected":false},"author":1,"featured_media":0,"parent":0,"menu_order":0,"comment_status":"closed","ping_status":"closed","template":"","meta":{"footnotes":""},"class_list":["post-15670","page","type-page","status-publish","hentry"],"_links":{"self":[{"href":"https:\/\/piccoder.com\/tr\/wp-json\/wp\/v2\/pages\/15670","targetHints":{"allow":["GET"]}}],"collection":[{"href":"https:\/\/piccoder.com\/tr\/wp-json\/wp\/v2\/pages"}],"about":[{"href":"https:\/\/piccoder.com\/tr\/wp-json\/wp\/v2\/types\/page"}],"author":[{"embeddable":true,"href":"https:\/\/piccoder.com\/tr\/wp-json\/wp\/v2\/users\/1"}],"replies":[{"embeddable":true,"href":"https:\/\/piccoder.com\/tr\/wp-json\/wp\/v2\/comments?post=15670"}],"version-history":[{"count":4,"href":"https:\/\/piccoder.com\/tr\/wp-json\/wp\/v2\/pages\/15670\/revisions"}],"predecessor-version":[{"id":16351,"href":"https:\/\/piccoder.com\/tr\/wp-json\/wp\/v2\/pages\/15670\/revisions\/16351"}],"wp:attachment":[{"href":"https:\/\/piccoder.com\/tr\/wp-json\/wp\/v2\/media?parent=15670"}],"curies":[{"name":"wp","href":"https:\/\/api.w.org\/{rel}","templated":true}]}}